{"id":55,"date":"2019-04-11T13:25:57","date_gmt":"2019-04-11T11:25:57","guid":{"rendered":"http:\/\/www.el-podpis.pl\/?page_id=55"},"modified":"2025-06-25T13:03:44","modified_gmt":"2025-06-25T11:03:44","slug":"podpis-elektroniczny","status":"publish","type":"page","link":"https:\/\/www.el-podpis.pl\/","title":{"rendered":"Podpis elektroniczny"},"content":{"rendered":"\n<figure class=\"wp-block-image size-large\"><img decoding=\"async\" src=\"https:\/\/sigillum.pl\/binaries\/content\/gallery\/sigillumproject\/Grafiki\/Card_with_reader.png\" alt=\"\"\/><\/figure>\n\n\n\n<figure class=\"wp-block-image size-large\"><img decoding=\"async\" src=\"https:\/\/sigillum.pl\/binaries\/content\/gallery\/sigillumproject\/Grafiki\/Card_with_reader_dualna.png\" alt=\"\"\/><\/figure>\n\n\n\n<p>Poni\u017cej znajdziesz niezb\u0119dne oprogramowania do obs\u0142ugi Twojej karty i podpisywania dokument\u00f3w.<br>Programy r\u00f3\u017cni\u0105 si\u0119 od siebie w zale\u017cno\u015bci od rodzaju karty (karta DARK lub karta BLUE) oraz od systemu komputerowego (Windows lub MacOS).<br><\/p>\n\n\n\n<p>Zainstaluj aplikacj\u0119&nbsp;<strong>Sigillum Sign, <\/strong>dzi\u0119ki kt\u00f3rej z\u0142o\u017cysz podpis lub zweryfikujesz ju\u017c podpisane dokumenty.<br>Zwr\u00f3\u0107 uwag\u0119 na system operacyjny Twojego komputera.<\/p>\n\n\n\n<p><a href=\"https:\/\/sigillum.pl\/binaries\/content\/assets\/Pliki\/Sigillum_sign_od_2022\/Sigillum_1.11.27_x64.msi\"><strong><mark style=\"background-color:rgba(0, 0, 0, 0)\" class=\"has-inline-color has-vivid-red-color\">Program Sigillum Sign dla system\u00f3w w wersji Windows 10 i nowszych<\/mark><\/strong><\/a><\/p>\n\n\n\n<p><strong><a href=\"https:\/\/sigillum.pl\/binaries\/content\/assets\/Pliki\/Sigillum_sign_od_2022\/Sigillum_1.11.27.dmg\"><mark style=\"background-color:rgba(0, 0, 0, 0)\" class=\"has-inline-color has-vivid-red-color\">Program Sigillum Sign dla system\u00f3w MacOS w wersji 14 (Sonoma) i nowszych<\/mark><\/a><\/strong><\/p>\n\n\n\n<p>Zainstaluj <strong>sterownik<\/strong> umo\u017cliwiaj\u0105cy obs\u0142ug\u0119 karty. Dzi\u0119ki programowi mo\u017cesz zarz\u0105dza\u0107 swoj\u0105 kart\u0105, nada\u0107 lub zmieni\u0107 kod PIN czy np. podejrze\u0107 zawarto\u015b\u0107 certyfikatu.\u00a0 Instalacja oprogramowania <strong>IDProtect Client<\/strong> <strong>dla kart DARK<\/strong> lub <strong>Sigillum Manager<\/strong> <strong>dla kart BLUE<\/strong> (oraz kart DARK na MacOS) jest niezb\u0119dna do prawid\u0142owego dzia\u0142ania karty.<\/p>\n\n\n\n<p><strong><a href=\"https:\/\/sigillum.pl\/binaries\/content\/assets\/Pliki\/0d.01.04.2019\/Nxp\/Idprotect_7.19.04.zip\"><mark style=\"background-color:rgba(0, 0, 0, 0)\" class=\"has-inline-color has-vivid-red-color\">Program IDProtect Client dla system\u00f3w w wersji Windows 10 i nowszych<\/mark><\/a><\/strong><\/p>\n\n\n\n<p><strong><a href=\"https:\/\/sigillum.pl\/binaries\/content\/assets\/Pliki\/Sigman\/Windows\/Sigman_1.0.10.exe\"><mark style=\"background-color:rgba(0, 0, 0, 0)\" class=\"has-inline-color has-vivid-red-color\">Program Sigillum Manager dla system\u00f3w w wersji Windows 10 i nowszych<\/mark><\/a><\/strong><\/p>\n\n\n\n<p><strong><a href=\"https:\/\/sigillum.pl\/binaries\/content\/assets\/Pliki\/Sigman\/Macos\/Sigman_1.0.10.dmg\"><mark style=\"background-color:rgba(0, 0, 0, 0)\" class=\"has-inline-color has-vivid-red-color\">Program Sigillum Manager dla system\u00f3w MacOS w wersji 14 (Sonoma) i nowszych<\/mark><\/a><\/strong><\/p>\n\n\n\n<p><\/p>\n","protected":false},"excerpt":{"rendered":"<p>Poni\u017cej znajdziesz niezb\u0119dne oprogramowania do obs\u0142ugi Twojej karty i podpisywania dokument\u00f3w.Programy r\u00f3\u017cni\u0105 si\u0119 od siebie w zale\u017cno\u015bci od rodzaju karty (karta DARK lub karta BLUE) oraz od systemu komputerowego (Windows lub MacOS). Zainstaluj aplikacj\u0119&nbsp;Sigillum Sign, dzi\u0119ki kt\u00f3rej z\u0142o\u017cysz podpis lub zweryfikujesz ju\u017c podpisane dokumenty.Zwr\u00f3\u0107 uwag\u0119 na system operacyjny Twojego komputera. Program Sigillum Sign dla system\u00f3w &hellip; <\/p>\n<p class=\"link-more\"><a href=\"https:\/\/www.el-podpis.pl\/\" class=\"more-link\">Czytaj dalej<span class=\"screen-reader-text\"> \u201ePodpis elektroniczny\u201d<\/span><\/a><\/p>\n","protected":false},"author":1,"featured_media":0,"parent":0,"menu_order":0,"comment_status":"closed","ping_status":"closed","template":"","meta":{"footnotes":""},"class_list":["post-55","page","type-page","status-publish","hentry"],"_links":{"self":[{"href":"https:\/\/www.el-podpis.pl\/index.php\/wp-json\/wp\/v2\/pages\/55","targetHints":{"allow":["GET"]}}],"collection":[{"href":"https:\/\/www.el-podpis.pl\/index.php\/wp-json\/wp\/v2\/pages"}],"about":[{"href":"https:\/\/www.el-podpis.pl\/index.php\/wp-json\/wp\/v2\/types\/page"}],"author":[{"embeddable":true,"href":"https:\/\/www.el-podpis.pl\/index.php\/wp-json\/wp\/v2\/users\/1"}],"replies":[{"embeddable":true,"href":"https:\/\/www.el-podpis.pl\/index.php\/wp-json\/wp\/v2\/comments?post=55"}],"version-history":[{"count":19,"href":"https:\/\/www.el-podpis.pl\/index.php\/wp-json\/wp\/v2\/pages\/55\/revisions"}],"predecessor-version":[{"id":139,"href":"https:\/\/www.el-podpis.pl\/index.php\/wp-json\/wp\/v2\/pages\/55\/revisions\/139"}],"wp:attachment":[{"href":"https:\/\/www.el-podpis.pl\/index.php\/wp-json\/wp\/v2\/media?parent=55"}],"curies":[{"name":"wp","href":"https:\/\/api.w.org\/{rel}","templated":true}]}}