{"id":49,"date":"2018-02-08T11:11:04","date_gmt":"2018-02-08T10:11:04","guid":{"rendered":"http:\/\/www.el-podpis.pl\/?page_id=49"},"modified":"2025-04-14T12:28:59","modified_gmt":"2025-04-14T10:28:59","slug":"cennik","status":"publish","type":"page","link":"https:\/\/www.el-podpis.pl\/index.php\/cennik\/","title":{"rendered":"Cennik"},"content":{"rendered":"\n<p>Ze wzgl\u0119du na czasoch\u0142onno\u015b\u0107 i indywidualny charakter ka\u017cdej ze spraw, do podstawowej op\u0142aty za wyrabianie podpisu elektronicznego <strong><mark style=\"background-color:rgba(0, 0, 0, 0)\" class=\"has-inline-color has-vivid-red-color\">punkt pobiera dodatkow\u0105 op\u0142at\u0119 wysoko\u015bci 50 z\u0142 netto, kt\u00f3ra zawiera:<\/mark><\/strong><\/p>\n\n\n\n<p>&#8211; wsparcie techniczne<\/p>\n\n\n\n<p>&#8211; instrukcje telefoniczne<\/p>\n\n\n\n<p>&#8211; szkolenie w zakresie z\u0142o\u017cenia podpisu na dokumencie<\/p>\n\n\n\n<p>Us\u0142ugi dodatkowe \u015bwiadczone przez punkt SOFTEL s.c. w Elbl\u0105gu<\/p>\n\n\n\n<p>&#8211; instalacja oprogramowania 79 z\u0142 netto<\/p>\n\n\n\n<div class=\"wp-block-file\"><a id=\"wp-block-file--media-4fc2a697-ceef-4cb4-96a4-a64a87161f9f\" href=\"https:\/\/www.el-podpis.pl\/wp-content\/uploads\/2025\/04\/Cennik_detaliczny_cuz_sigillum_2025.pdf\">Cennik_detaliczny_cuz_sigillum_2025<\/a><a href=\"https:\/\/www.el-podpis.pl\/wp-content\/uploads\/2025\/04\/Cennik_detaliczny_cuz_sigillum_2025.pdf\" class=\"wp-block-file__button wp-element-button\" download aria-describedby=\"wp-block-file--media-4fc2a697-ceef-4cb4-96a4-a64a87161f9f\">Pobierz<\/a><\/div>\n","protected":false},"excerpt":{"rendered":"<p>Ze wzgl\u0119du na czasoch\u0142onno\u015b\u0107 i indywidualny charakter ka\u017cdej ze spraw, do podstawowej op\u0142aty za wyrabianie podpisu elektronicznego punkt pobiera dodatkow\u0105 op\u0142at\u0119 wysoko\u015bci 50 z\u0142 netto, kt\u00f3ra zawiera: &#8211; wsparcie techniczne &#8211; instrukcje telefoniczne &#8211; szkolenie w zakresie z\u0142o\u017cenia podpisu na dokumencie Us\u0142ugi dodatkowe \u015bwiadczone przez punkt SOFTEL s.c. w Elbl\u0105gu &#8211; instalacja oprogramowania 79 z\u0142 &hellip; <\/p>\n<p class=\"link-more\"><a href=\"https:\/\/www.el-podpis.pl\/index.php\/cennik\/\" class=\"more-link\">Czytaj dalej<span class=\"screen-reader-text\"> \u201eCennik\u201d<\/span><\/a><\/p>\n","protected":false},"author":1,"featured_media":0,"parent":0,"menu_order":0,"comment_status":"closed","ping_status":"closed","template":"","meta":{"footnotes":""},"class_list":["post-49","page","type-page","status-publish","hentry"],"_links":{"self":[{"href":"https:\/\/www.el-podpis.pl\/index.php\/wp-json\/wp\/v2\/pages\/49","targetHints":{"allow":["GET"]}}],"collection":[{"href":"https:\/\/www.el-podpis.pl\/index.php\/wp-json\/wp\/v2\/pages"}],"about":[{"href":"https:\/\/www.el-podpis.pl\/index.php\/wp-json\/wp\/v2\/types\/page"}],"author":[{"embeddable":true,"href":"https:\/\/www.el-podpis.pl\/index.php\/wp-json\/wp\/v2\/users\/1"}],"replies":[{"embeddable":true,"href":"https:\/\/www.el-podpis.pl\/index.php\/wp-json\/wp\/v2\/comments?post=49"}],"version-history":[{"count":12,"href":"https:\/\/www.el-podpis.pl\/index.php\/wp-json\/wp\/v2\/pages\/49\/revisions"}],"predecessor-version":[{"id":129,"href":"https:\/\/www.el-podpis.pl\/index.php\/wp-json\/wp\/v2\/pages\/49\/revisions\/129"}],"wp:attachment":[{"href":"https:\/\/www.el-podpis.pl\/index.php\/wp-json\/wp\/v2\/media?parent=49"}],"curies":[{"name":"wp","href":"https:\/\/api.w.org\/{rel}","templated":true}]}}